{"id":739,"date":"2021-03-26T22:14:44","date_gmt":"2021-03-26T21:14:44","guid":{"rendered":"https:\/\/www.nkspansko.hr\/?page_id=739"},"modified":"2025-08-18T21:25:05","modified_gmt":"2025-08-18T19:25:05","slug":"dokumenti-i-propisi","status":"publish","type":"page","link":"https:\/\/www.nkspansko.hr\/index.php\/dokumenti-i-propisi\/","title":{"rendered":"DOKUMENTI I PROPISI"},"content":{"rendered":"<p><img loading=\"lazy\" decoding=\"async\" class=\"aligncenter wp-image-1058 size-full\" src=\"https:\/\/www.nkspansko.hr\/wp-content\/uploads\/2021\/04\/Propisi-nk-spansko.jpg\" alt=\"\" width=\"1920\" height=\"914\" srcset=\"https:\/\/www.nkspansko.hr\/wp-content\/uploads\/2021\/04\/Propisi-nk-spansko.jpg 1920w, https:\/\/www.nkspansko.hr\/wp-content\/uploads\/2021\/04\/Propisi-nk-spansko-600x286.jpg 600w, https:\/\/www.nkspansko.hr\/wp-content\/uploads\/2021\/04\/Propisi-nk-spansko-300x143.jpg 300w, https:\/\/www.nkspansko.hr\/wp-content\/uploads\/2021\/04\/Propisi-nk-spansko-1024x487.jpg 1024w, https:\/\/www.nkspansko.hr\/wp-content\/uploads\/2021\/04\/Propisi-nk-spansko-768x366.jpg 768w, https:\/\/www.nkspansko.hr\/wp-content\/uploads\/2021\/04\/Propisi-nk-spansko-1536x731.jpg 1536w, https:\/\/www.nkspansko.hr\/wp-content\/uploads\/2021\/04\/Propisi-nk-spansko-1200x571.jpg 1200w, https:\/\/www.nkspansko.hr\/wp-content\/uploads\/2021\/04\/Propisi-nk-spansko-350x167.jpg 350w\" sizes=\"auto, (max-width: 1920px) 100vw, 1920px\" \/><\/p>\n<p>&nbsp;<\/p>\n<p><span style=\"color: #ff0000;\"><strong>UPRAVI ODBOR NK \u0160PANSKO<\/strong><\/span><\/p>\n\n\t\t<style type=\"text\/css\">\n\t\t\t#gallery-1 {\n\t\t\t\tmargin: auto;\n\t\t\t}\n\t\t\t#gallery-1 .gallery-item {\n\t\t\t\tfloat: left;\n\t\t\t\tmargin-top: 10px;\n\t\t\t\ttext-align: center;\n\t\t\t\twidth: 33%;\n\t\t\t}\n\t\t\t#gallery-1 img {\n\t\t\t\tborder: 2px solid #cfcfcf;\n\t\t\t}\n\t\t\t#gallery-1 .gallery-caption {\n\t\t\t\tmargin-left: 0;\n\t\t\t}\n\t\t\t\/* see gallery_shortcode() in wp-includes\/media.php *\/\n\t\t<\/style>\n\t\t<div data-carousel-extra='{\"blog_id\":1,\"permalink\":\"https:\\\/\\\/www.nkspansko.hr\\\/index.php\\\/dokumenti-i-propisi\\\/\"}' id='gallery-1' class='gallery galleryid-739 gallery-columns-3 gallery-size-thumbnail'><dl class='gallery-item'>\n\t\t\t<dt class='gallery-icon landscape'>\n\t\t\t\t<img loading=\"lazy\" decoding=\"async\" width=\"150\" height=\"150\" src=\"https:\/\/www.nkspansko.hr\/wp-content\/uploads\/2024\/05\/Filip-Bilandzic-PREDSJEDNIK-150x150.jpg\" class=\"attachment-thumbnail size-thumbnail\" alt=\"\" aria-describedby=\"gallery-1-3512\" srcset=\"https:\/\/www.nkspansko.hr\/wp-content\/uploads\/2024\/05\/Filip-Bilandzic-PREDSJEDNIK-150x150.jpg 150w, https:\/\/www.nkspansko.hr\/wp-content\/uploads\/2024\/05\/Filip-Bilandzic-PREDSJEDNIK-300x300.jpg 300w, https:\/\/www.nkspansko.hr\/wp-content\/uploads\/2024\/05\/Filip-Bilandzic-PREDSJEDNIK-350x350.jpg 350w, https:\/\/www.nkspansko.hr\/wp-content\/uploads\/2024\/05\/Filip-Bilandzic-PREDSJEDNIK-100x100.jpg 100w, https:\/\/www.nkspansko.hr\/wp-content\/uploads\/2024\/05\/Filip-Bilandzic-PREDSJEDNIK.jpg 400w\" sizes=\"auto, (max-width: 150px) 100vw, 150px\" \/>\n\t\t\t<\/dt>\n\t\t\t\t<dd class='wp-caption-text gallery-caption' id='gallery-1-3512'>\n\t\t\t\tFilip Biland\u017ei\u0107 &#8211; PREDSJEDNIK\n\t\t\t\t<\/dd><\/dl><dl class='gallery-item'>\n\t\t\t<dt class='gallery-icon landscape'>\n\t\t\t\t<img loading=\"lazy\" decoding=\"async\" width=\"150\" height=\"150\" src=\"https:\/\/www.nkspansko.hr\/wp-content\/uploads\/2024\/05\/Stjepan-Krizic-\u2013-DOPREDSJEDNIK-150x150.jpg\" class=\"attachment-thumbnail size-thumbnail\" alt=\"\" aria-describedby=\"gallery-1-3513\" srcset=\"https:\/\/www.nkspansko.hr\/wp-content\/uploads\/2024\/05\/Stjepan-Krizic-\u2013-DOPREDSJEDNIK-150x150.jpg 150w, https:\/\/www.nkspansko.hr\/wp-content\/uploads\/2024\/05\/Stjepan-Krizic-\u2013-DOPREDSJEDNIK-300x300.jpg 300w, https:\/\/www.nkspansko.hr\/wp-content\/uploads\/2024\/05\/Stjepan-Krizic-\u2013-DOPREDSJEDNIK-350x350.jpg 350w, https:\/\/www.nkspansko.hr\/wp-content\/uploads\/2024\/05\/Stjepan-Krizic-\u2013-DOPREDSJEDNIK-100x100.jpg 100w, https:\/\/www.nkspansko.hr\/wp-content\/uploads\/2024\/05\/Stjepan-Krizic-\u2013-DOPREDSJEDNIK.jpg 400w\" sizes=\"auto, (max-width: 150px) 100vw, 150px\" \/>\n\t\t\t<\/dt>\n\t\t\t\t<dd class='wp-caption-text gallery-caption' id='gallery-1-3513'>\n\t\t\t\tStjepan Kri\u017ei\u0107 &#8211; DOPREDSJEDNIK\n\t\t\t\t<\/dd><\/dl><dl class='gallery-item'>\n\t\t\t<dt class='gallery-icon landscape'>\n\t\t\t\t<img loading=\"lazy\" decoding=\"async\" width=\"150\" height=\"150\" src=\"https:\/\/www.nkspansko.hr\/wp-content\/uploads\/2024\/05\/Zdenko-Cujic-\u2013-DOPREDSJEDNIK-150x150.jpg\" class=\"attachment-thumbnail size-thumbnail\" alt=\"\" aria-describedby=\"gallery-1-3514\" srcset=\"https:\/\/www.nkspansko.hr\/wp-content\/uploads\/2024\/05\/Zdenko-Cujic-\u2013-DOPREDSJEDNIK-150x150.jpg 150w, https:\/\/www.nkspansko.hr\/wp-content\/uploads\/2024\/05\/Zdenko-Cujic-\u2013-DOPREDSJEDNIK-300x300.jpg 300w, https:\/\/www.nkspansko.hr\/wp-content\/uploads\/2024\/05\/Zdenko-Cujic-\u2013-DOPREDSJEDNIK-350x350.jpg 350w, https:\/\/www.nkspansko.hr\/wp-content\/uploads\/2024\/05\/Zdenko-Cujic-\u2013-DOPREDSJEDNIK-100x100.jpg 100w, https:\/\/www.nkspansko.hr\/wp-content\/uploads\/2024\/05\/Zdenko-Cujic-\u2013-DOPREDSJEDNIK.jpg 400w\" sizes=\"auto, (max-width: 150px) 100vw, 150px\" \/>\n\t\t\t<\/dt>\n\t\t\t\t<dd class='wp-caption-text gallery-caption' id='gallery-1-3514'>\n\t\t\t\tZdenko \u010cuji\u0107 \u2013 DOPREDSJEDNIK\n\t\t\t\t<\/dd><\/dl><br style=\"clear: both\" \/>\n\t\t<\/div>\n\n<ol>\n<li>Stjepan Horvat<\/li>\n<li>Vinko Bili\u0107<\/li>\n<li>Boris Babi\u0107<\/li>\n<li>Ante \u010can\u010dar<\/li>\n<li>Jakov Prskalo<\/li>\n<li>Ivan \u0160imi\u0107<\/li>\n<\/ol>\n<p><span style=\"color: #ff0000;\"><strong>NADZORNI ODBOR<\/strong><\/span><\/p>\n<ol>\n<li>Ivan Fri\u0161\u010di\u0107 &#8211; Predsjednik<\/li>\n<li>Bo\u017eo Pa\u0161ali\u0107<\/li>\n<li>Ivan Tica<\/li>\n<\/ol>\n<p><span style=\"color: #ff0000;\"><strong>STEGOVNA KOMISIJA<\/strong><\/span><\/p>\n<ol>\n<li>Danijel Duki\u0107<\/li>\n<li>\u017deljko Sablji\u0107<\/li>\n<li>Mile Ragu\u017e<\/li>\n<\/ol>\n<p><span style=\"color: #ff0000;\"><strong>STATUT NK &#8220;\u0160PANSKO&#8221;<\/strong><\/span><\/p>\n<a href=\"https:\/\/www.nkspansko.hr\/wp-content\/uploads\/2025\/08\/STATUT-NK-SPANSKO-2025-finale.pdf\" class=\"pdfemb-viewer\" style=\"\" data-width=\"max\" data-height=\"max\"  data-toolbar=\"bottom\" data-toolbar-fixed=\"off\">STATUT NK SPANSKO 2025 finale<br\/><\/a>\n<p><span style=\"color: #ff0000;\"><strong>KODEKS PONASANJA NOGOMETNIH DJELATNIKA<\/strong><\/span><\/p>\n<a href=\"https:\/\/www.nkspansko.hr\/wp-content\/uploads\/2021\/04\/Kodeks-ponasanja-nogometnih-djelatnika.pdf\" class=\"pdfemb-viewer\" style=\"\" data-width=\"max\" data-height=\"max\"  data-toolbar=\"bottom\" data-toolbar-fixed=\"off\">Kodeks-ponasanja-nogometnih-djelatnika<br\/><\/a>\n<p><strong><span style=\"color: #ff0000;\"><a style=\"color: #ff0000;\" href=\"https:\/\/hns-cff.hr\/hns\/propisi-i-dokumenti\/\" target=\"_blank\" rel=\"noopener\">Sve ostale pravilnike i propise mo\u017eete prona\u0107i na stranici HNS<\/a><\/span><\/strong><\/p>\n<p><strong><span style=\"color: #ff0000;\">ZAPISNIK O PRIMOPREDAJI OBJEKTA<\/span><\/strong><\/p>\n<a href=\"https:\/\/www.nkspansko.hr\/wp-content\/uploads\/2021\/03\/Zapisnik-o-primopredaji-pomocnog-nogometnog-igralista-na-SRC-Spansko-nogomet.pdf\" class=\"pdfemb-viewer\" style=\"\" data-width=\"max\" data-height=\"max\"  data-toolbar=\"bottom\" data-toolbar-fixed=\"off\">Zapisnik o primopredaji pomo\u0107nog nogometnog igrali\u0161ta na SRC \u0160pansko-nogomet<br\/><\/a>\n<p>&nbsp;<\/p>\n<p>&nbsp;<\/p>\n","protected":false},"excerpt":{"rendered":"<p>&nbsp; UPRAVI ODBOR NK \u0160PANSKO Stjepan Horvat Vinko Bili\u0107 Boris Babi\u0107 Ante \u010can\u010dar Jakov Prskalo Ivan \u0160imi\u0107 NADZORNI ODBOR Ivan Fri\u0161\u010di\u0107 &#8211; Predsjednik Bo\u017eo Pa\u0161ali\u0107 Ivan Tica STEGOVNA KOMISIJA Danijel Duki\u0107 \u017deljko Sablji\u0107 Mile Ragu\u017e STATUT NK &#8220;\u0160PANSKO&#8221; KODEKS PONASANJA NOGOMETNIH DJELATNIKA Sve ostale pravilnike i propise mo\u017eete prona\u0107i na stranici HNS ZAPISNIK O PRIMOPREDAJI&#8230;<\/p>\n<a href=\"https:\/\/www.nkspansko.hr\/index.php\/dokumenti-i-propisi\/\" class=\"more-link\">Op\u0161irnije<\/a>","protected":false},"author":1,"featured_media":0,"parent":0,"menu_order":0,"comment_status":"closed","ping_status":"closed","template":"","meta":{"footnotes":""},"class_list":["post-739","page","type-page","status-publish","hentry"],"_links":{"self":[{"href":"https:\/\/www.nkspansko.hr\/index.php\/wp-json\/wp\/v2\/pages\/739","targetHints":{"allow":["GET"]}}],"collection":[{"href":"https:\/\/www.nkspansko.hr\/index.php\/wp-json\/wp\/v2\/pages"}],"about":[{"href":"https:\/\/www.nkspansko.hr\/index.php\/wp-json\/wp\/v2\/types\/page"}],"author":[{"embeddable":true,"href":"https:\/\/www.nkspansko.hr\/index.php\/wp-json\/wp\/v2\/users\/1"}],"replies":[{"embeddable":true,"href":"https:\/\/www.nkspansko.hr\/index.php\/wp-json\/wp\/v2\/comments?post=739"}],"version-history":[{"count":17,"href":"https:\/\/www.nkspansko.hr\/index.php\/wp-json\/wp\/v2\/pages\/739\/revisions"}],"predecessor-version":[{"id":5133,"href":"https:\/\/www.nkspansko.hr\/index.php\/wp-json\/wp\/v2\/pages\/739\/revisions\/5133"}],"wp:attachment":[{"href":"https:\/\/www.nkspansko.hr\/index.php\/wp-json\/wp\/v2\/media?parent=739"}],"curies":[{"name":"wp","href":"https:\/\/api.w.org\/{rel}","templated":true}]}}