{"id":540,"date":"2021-03-24T15:17:56","date_gmt":"2021-03-24T14:17:56","guid":{"rendered":"https:\/\/www.nkspansko.hr\/?page_id=540"},"modified":"2021-03-27T09:29:32","modified_gmt":"2021-03-27T08:29:32","slug":"kontakt","status":"publish","type":"page","link":"https:\/\/www.nkspansko.hr\/index.php\/kontakt\/","title":{"rendered":"Kontakt"},"content":{"rendered":"<p><a href=\"https:\/\/www.nkspansko.hr\/wp-content\/uploads\/2021\/03\/NK-SPANSKO-kontakt.jpg\"><img loading=\"lazy\" decoding=\"async\" class=\"aligncenter size-large wp-image-542\" src=\"https:\/\/www.nkspansko.hr\/wp-content\/uploads\/2021\/03\/NK-SPANSKO-kontakt-1024x487.jpg\" alt=\"\" width=\"900\" height=\"428\" srcset=\"https:\/\/www.nkspansko.hr\/wp-content\/uploads\/2021\/03\/NK-SPANSKO-kontakt-1024x487.jpg 1024w, https:\/\/www.nkspansko.hr\/wp-content\/uploads\/2021\/03\/NK-SPANSKO-kontakt-600x286.jpg 600w, https:\/\/www.nkspansko.hr\/wp-content\/uploads\/2021\/03\/NK-SPANSKO-kontakt-300x143.jpg 300w, https:\/\/www.nkspansko.hr\/wp-content\/uploads\/2021\/03\/NK-SPANSKO-kontakt-768x366.jpg 768w, https:\/\/www.nkspansko.hr\/wp-content\/uploads\/2021\/03\/NK-SPANSKO-kontakt-1536x731.jpg 1536w, https:\/\/www.nkspansko.hr\/wp-content\/uploads\/2021\/03\/NK-SPANSKO-kontakt-1200x571.jpg 1200w, https:\/\/www.nkspansko.hr\/wp-content\/uploads\/2021\/03\/NK-SPANSKO-kontakt-350x167.jpg 350w, https:\/\/www.nkspansko.hr\/wp-content\/uploads\/2021\/03\/NK-SPANSKO-kontakt.jpg 1920w\" sizes=\"auto, (max-width: 900px) 100vw, 900px\" \/><\/a><\/p>\n<p>&nbsp;<\/p>\n<p><strong><span style=\"color: #000000;\">Naziv:<br \/>\n<\/span><\/strong>NOGOMETNI KLUB &#8220;\u0160PANSKO&#8221;<\/p>\n<p><span style=\"color: #000000;\"><strong>Skra\u0107eni naziv :<br \/>\n<\/strong><\/span>NK &#8220;\u0160PANSKO&#8221;<\/p>\n<p><span style=\"color: #000000;\"><strong>Adresa<\/strong><\/span><br \/>\nSlavka Batu\u0161i\u0107a 2, 10090 Zagreb<\/p>\n<p><strong><span style=\"color: #ff0000;\"><span style=\"color: #000000;\">OIB:<\/span> <\/span><\/strong><span style=\"color: #ff0000;\"><span style=\"color: #000000;\">42172865453<\/span><\/span><\/p>\n<p><span style=\"color: #000000;\"><strong>MB:<\/strong><\/span> 03247791-000<\/p>\n<p><strong><span style=\"color: #ff0000;\"><span style=\"color: #000000;\">IBAN:<\/span> <\/span><\/strong>HR9523600001101418431<\/p>\n<p><span style=\"color: #000000;\"><strong>SWIFT\/BIC:<\/strong> <\/span>ZABAHR2X<\/p>\n<p><span style=\"color: #000000;\"><strong>Registarski broj :<\/strong><\/span> 21000358<\/p>\n<p><span style=\"color: #000000;\"><strong>Datum osnivacke skup\u0161tine: <\/strong><\/span>03.04.1958<\/p>\n<p><span style=\"color: #000000;\"><strong>E-mail:<\/strong><br \/>\n<\/span>info@nkspansko.hr<br \/>\nnk.spansko@nkspansko.hr<\/p>\n<p><span style=\"color: #000000;\"><strong>Ispunite kontakt obrazac\u00a0<\/strong><\/span><\/p>\n\n<div class=\"wpcf7 no-js\" id=\"wpcf7-f546-o1\" lang=\"hr\" dir=\"ltr\">\n<div class=\"screen-reader-response\"><p role=\"status\" aria-live=\"polite\" aria-atomic=\"true\"><\/p> <ul><\/ul><\/div>\n<form action=\"\/index.php\/wp-json\/wp\/v2\/pages\/540#wpcf7-f546-o1\" method=\"post\" class=\"wpcf7-form init\" aria-label=\"Kontakt obrazac\" novalidate=\"novalidate\" data-status=\"init\">\n<div style=\"display: none;\">\n<input type=\"hidden\" name=\"_wpcf7\" value=\"546\" \/>\n<input type=\"hidden\" name=\"_wpcf7_version\" value=\"5.9\" \/>\n<input type=\"hidden\" name=\"_wpcf7_locale\" value=\"hr\" \/>\n<input type=\"hidden\" name=\"_wpcf7_unit_tag\" value=\"wpcf7-f546-o1\" \/>\n<input type=\"hidden\" name=\"_wpcf7_container_post\" value=\"0\" \/>\n<input type=\"hidden\" name=\"_wpcf7_posted_data_hash\" value=\"\" \/>\n<\/div>\n<p><label> Va\u0161e ime<br \/>\n<span class=\"wpcf7-form-control-wrap\" data-name=\"your-name\"><input size=\"40\" class=\"wpcf7-form-control wpcf7-text wpcf7-validates-as-required\" aria-required=\"true\" aria-invalid=\"false\" value=\"\" type=\"text\" name=\"your-name\" \/><\/span> <\/label>\n<\/p>\n<p><label> Va\u0161a e-po\u0161ta<br \/>\n<span class=\"wpcf7-form-control-wrap\" data-name=\"your-email\"><input size=\"40\" class=\"wpcf7-form-control wpcf7-email wpcf7-validates-as-required wpcf7-text wpcf7-validates-as-email\" aria-required=\"true\" aria-invalid=\"false\" value=\"\" type=\"email\" name=\"your-email\" \/><\/span> <\/label>\n<\/p>\n<p><label> Predmet<br \/>\n<span class=\"wpcf7-form-control-wrap\" data-name=\"your-subject\"><input size=\"40\" class=\"wpcf7-form-control wpcf7-text wpcf7-validates-as-required\" aria-required=\"true\" aria-invalid=\"false\" value=\"\" type=\"text\" name=\"your-subject\" \/><\/span> <\/label>\n<\/p>\n<p><label> Va\u0161a poruka (opcionalno)<br \/>\n<span class=\"wpcf7-form-control-wrap\" data-name=\"your-message\"><textarea cols=\"40\" rows=\"10\" class=\"wpcf7-form-control wpcf7-textarea\" aria-invalid=\"false\" name=\"your-message\"><\/textarea><\/span> <\/label>\n<\/p>\n<p><input class=\"wpcf7-form-control wpcf7-submit has-spinner\" type=\"submit\" value=\"Po\u0161alji\" \/>\n<\/p><div class=\"wpcf7-response-output\" aria-hidden=\"true\"><\/div>\n<\/form>\n<\/div>\n\n<p><iframe loading=\"lazy\" style=\"border: 0;\" src=\"https:\/\/www.google.com\/maps\/embed?pb=!1m18!1m12!1m3!1d2781.5339293684074!2d15.899013915568723!3d45.80056427910637!2m3!1f0!2f0!3f0!3m2!1i1024!2i768!4f13.1!3m3!1m2!1s0x4765d143d3ac1e9f%3A0x7cf16c304d629de4!2sNK%20%C5%A0pansko!5e0!3m2!1shr!2shr!4v1616595908298!5m2!1shr!2shr\" width=\"600\" height=\"450\" allowfullscreen=\"allowfullscreen\"><\/iframe><\/p>\n<p>&nbsp;<\/p>\n","protected":false},"excerpt":{"rendered":"<p>&nbsp; Naziv: NOGOMETNI KLUB &#8220;\u0160PANSKO&#8221; Skra\u0107eni naziv : NK &#8220;\u0160PANSKO&#8221; Adresa Slavka Batu\u0161i\u0107a 2, 10090 Zagreb OIB: 42172865453 MB: 03247791-000 IBAN: HR9523600001101418431 SWIFT\/BIC: ZABAHR2X Registarski broj : 21000358 Datum osnivacke skup\u0161tine: 03.04.1958 E-mail: info@nkspansko.hr nk.spansko@nkspansko.hr Ispunite kontakt obrazac\u00a0 &nbsp;<\/p>\n<a href=\"https:\/\/www.nkspansko.hr\/index.php\/kontakt\/\" class=\"more-link\">Op\u0161irnije<\/a>","protected":false},"author":1,"featured_media":0,"parent":0,"menu_order":0,"comment_status":"closed","ping_status":"closed","template":"","meta":{"footnotes":""},"class_list":["post-540","page","type-page","status-publish","hentry"],"_links":{"self":[{"href":"https:\/\/www.nkspansko.hr\/index.php\/wp-json\/wp\/v2\/pages\/540","targetHints":{"allow":["GET"]}}],"collection":[{"href":"https:\/\/www.nkspansko.hr\/index.php\/wp-json\/wp\/v2\/pages"}],"about":[{"href":"https:\/\/www.nkspansko.hr\/index.php\/wp-json\/wp\/v2\/types\/page"}],"author":[{"embeddable":true,"href":"https:\/\/www.nkspansko.hr\/index.php\/wp-json\/wp\/v2\/users\/1"}],"replies":[{"embeddable":true,"href":"https:\/\/www.nkspansko.hr\/index.php\/wp-json\/wp\/v2\/comments?post=540"}],"version-history":[{"count":11,"href":"https:\/\/www.nkspansko.hr\/index.php\/wp-json\/wp\/v2\/pages\/540\/revisions"}],"predecessor-version":[{"id":816,"href":"https:\/\/www.nkspansko.hr\/index.php\/wp-json\/wp\/v2\/pages\/540\/revisions\/816"}],"wp:attachment":[{"href":"https:\/\/www.nkspansko.hr\/index.php\/wp-json\/wp\/v2\/media?parent=540"}],"curies":[{"name":"wp","href":"https:\/\/api.w.org\/{rel}","templated":true}]}}