{"id":522,"date":"2021-03-24T14:26:32","date_gmt":"2021-03-24T13:26:32","guid":{"rendered":"https:\/\/www.nkspansko.hr\/?page_id=522"},"modified":"2021-04-23T08:40:35","modified_gmt":"2021-04-23T06:40:35","slug":"darko-tironi","status":"publish","type":"page","link":"https:\/\/www.nkspansko.hr\/index.php\/darko-tironi\/","title":{"rendered":"DARKO TIRONI"},"content":{"rendered":"<p><img loading=\"lazy\" decoding=\"async\" class=\"aligncenter wp-image-470 size-full\" src=\"https:\/\/www.nkspansko.hr\/wp-content\/uploads\/2017\/03\/media12-min-2.jpg\" alt=\"\" width=\"1920\" height=\"914\" srcset=\"https:\/\/www.nkspansko.hr\/wp-content\/uploads\/2017\/03\/media12-min-2.jpg 1920w, https:\/\/www.nkspansko.hr\/wp-content\/uploads\/2017\/03\/media12-min-2-600x286.jpg 600w, https:\/\/www.nkspansko.hr\/wp-content\/uploads\/2017\/03\/media12-min-2-300x143.jpg 300w, https:\/\/www.nkspansko.hr\/wp-content\/uploads\/2017\/03\/media12-min-2-1024x487.jpg 1024w, https:\/\/www.nkspansko.hr\/wp-content\/uploads\/2017\/03\/media12-min-2-768x366.jpg 768w, https:\/\/www.nkspansko.hr\/wp-content\/uploads\/2017\/03\/media12-min-2-1536x731.jpg 1536w, https:\/\/www.nkspansko.hr\/wp-content\/uploads\/2017\/03\/media12-min-2-1200x571.jpg 1200w, https:\/\/www.nkspansko.hr\/wp-content\/uploads\/2017\/03\/media12-min-2-350x167.jpg 350w\" sizes=\"auto, (max-width: 1920px) 100vw, 1920px\" \/><\/p>\n<p style=\"text-align: justify;\">U spomen Darku Tironiju, Nogometni klub \u0160pansko, tradicionalno organizira, me\u0111unarodni nogometni turnir \u201cDarko Tironi\u201d za dje\u010dake.<\/p>\n<p style=\"text-align: justify;\">Svake godine na turniru sudjeluju mnoge poznate mom\u010dadi s ovih prostora pa smo tako mogli pogledati na me\u0111unarodnom turniru Darko Tironi mlade nade mom\u010dadi GNK Dinama, NK Hajduka, HNK Rijeke, FK Vojvodine, FK Sarajevo, NK Cibalia, NK Zagreb, NK Osijek, NK Lokomotiva i mnogih drugih.<\/p>\n<p style=\"text-align: justify;\"><strong>Darko Tironi<\/strong>\u00a0je bio istaknuti sportski novinar i glavni urednik \u201cSportskih novosti\u201d, a cijeli svoj \u017eivot posvetio \u0161portu, a posebno nogometu! Ro\u0111en je 15. listopada 1955. u Zagrebu, gdje je diplomirao politologiju na Fakultetu politi\u010dkih znanosti. Novinarstvom se po\u010deo baviti 1979. u negda\u0161njoj SN reviji u kojoj nakon dvije godine postaje profesionalac i najvi\u0161e prati nogomet. U jedinom hrvatskom sportskom tjedniku proveo je 12 godina, a od 1991. glavni je urednik \u201cSportskih novosti\u201d.<\/p>\n<p style=\"text-align: justify;\">Izvje\u0161tavao je s tri svjetska nogometna prvenstva (Italija 1990., SAD 1994. i Francuska 1998.) i s dva europska (Njema\u010dka 1988. i Engleska 1996.).<\/p>\n<p style=\"text-align: justify;\">Sudjelovao je u razdru\u017eivanju Hrvatskog nogometnog saveza od saveza biv\u0161e dr\u017eave, kao i u stvaranju hrvatske nogometne ku\u0107e. Bio je \u010dlan Izvr\u0161nog odbora HNS-a u dva mandata i vi\u0161egodi\u0161nji glasnogovornik HNS-a, a na toj ga je du\u017enosti zatekla i prerana smrt.<\/p>\n<p style=\"text-align: justify;\">Za svoj dugogodi\u0161nji novinarski rad i doprinos u stvaranju Hrvatskog nogometnog saveza dobio je brojna priznanja, a odlukom hrvatskog predsjednika dr. Franje Tu\u0111mana 1995. odlikovan je Redom Danice hrvatske s likom Franje Bu\u010dara. Nositelj je i Spomenice Domovinskog rata i prvi dobitnik nagrade \u201cUrednik godine\u201d Hrvatskog zbora sportskih novinara 1997.<\/p>\n<p style=\"text-align: justify;\">Preminuo je 14. rujna 1999. godine nakon \u0161to je u Manchesteru izvje\u0161tavao utakmicu Manchester United \u2013 Croatia.<\/p>\n<p>&nbsp;<\/p>\n<p><a href=\"https:\/\/www.nkspansko.hr\/wp-content\/uploads\/2021\/04\/Tironi.jpg\"><img loading=\"lazy\" decoding=\"async\" class=\"aligncenter size-full wp-image-1153\" src=\"https:\/\/www.nkspansko.hr\/wp-content\/uploads\/2021\/04\/Tironi.jpg\" alt=\"\" width=\"1448\" height=\"2048\" srcset=\"https:\/\/www.nkspansko.hr\/wp-content\/uploads\/2021\/04\/Tironi.jpg 1448w, https:\/\/www.nkspansko.hr\/wp-content\/uploads\/2021\/04\/Tironi-600x849.jpg 600w, https:\/\/www.nkspansko.hr\/wp-content\/uploads\/2021\/04\/Tironi-212x300.jpg 212w, https:\/\/www.nkspansko.hr\/wp-content\/uploads\/2021\/04\/Tironi-724x1024.jpg 724w, https:\/\/www.nkspansko.hr\/wp-content\/uploads\/2021\/04\/Tironi-768x1086.jpg 768w, https:\/\/www.nkspansko.hr\/wp-content\/uploads\/2021\/04\/Tironi-1086x1536.jpg 1086w, https:\/\/www.nkspansko.hr\/wp-content\/uploads\/2021\/04\/Tironi-1200x1697.jpg 1200w, https:\/\/www.nkspansko.hr\/wp-content\/uploads\/2021\/04\/Tironi-350x495.jpg 350w\" sizes=\"auto, (max-width: 1448px) 100vw, 1448px\" \/><\/a><\/p>\n<p style=\"text-align: justify;\">\n","protected":false},"excerpt":{"rendered":"<p>U spomen Darku Tironiju, Nogometni klub \u0160pansko, tradicionalno organizira, me\u0111unarodni nogometni turnir \u201cDarko Tironi\u201d za dje\u010dake. Svake godine na turniru sudjeluju mnoge poznate mom\u010dadi s ovih prostora pa smo tako mogli pogledati na me\u0111unarodnom turniru Darko Tironi mlade nade mom\u010dadi GNK Dinama, NK Hajduka, HNK Rijeke, FK Vojvodine, FK Sarajevo, NK Cibalia, NK Zagreb, NK&#8230;<\/p>\n<a href=\"https:\/\/www.nkspansko.hr\/index.php\/darko-tironi\/\" class=\"more-link\">Op\u0161irnije<\/a>","protected":false},"author":1,"featured_media":0,"parent":0,"menu_order":0,"comment_status":"closed","ping_status":"closed","template":"","meta":{"footnotes":""},"class_list":["post-522","page","type-page","status-publish","hentry"],"_links":{"self":[{"href":"https:\/\/www.nkspansko.hr\/index.php\/wp-json\/wp\/v2\/pages\/522","targetHints":{"allow":["GET"]}}],"collection":[{"href":"https:\/\/www.nkspansko.hr\/index.php\/wp-json\/wp\/v2\/pages"}],"about":[{"href":"https:\/\/www.nkspansko.hr\/index.php\/wp-json\/wp\/v2\/types\/page"}],"author":[{"embeddable":true,"href":"https:\/\/www.nkspansko.hr\/index.php\/wp-json\/wp\/v2\/users\/1"}],"replies":[{"embeddable":true,"href":"https:\/\/www.nkspansko.hr\/index.php\/wp-json\/wp\/v2\/comments?post=522"}],"version-history":[{"count":4,"href":"https:\/\/www.nkspansko.hr\/index.php\/wp-json\/wp\/v2\/pages\/522\/revisions"}],"predecessor-version":[{"id":1154,"href":"https:\/\/www.nkspansko.hr\/index.php\/wp-json\/wp\/v2\/pages\/522\/revisions\/1154"}],"wp:attachment":[{"href":"https:\/\/www.nkspansko.hr\/index.php\/wp-json\/wp\/v2\/media?parent=522"}],"curies":[{"name":"wp","href":"https:\/\/api.w.org\/{rel}","templated":true}]}}