{"id":520,"date":"2021-03-24T14:24:50","date_gmt":"2021-03-24T13:24:50","guid":{"rendered":"https:\/\/www.nkspansko.hr\/?page_id=520"},"modified":"2021-04-10T10:41:01","modified_gmt":"2021-04-10T08:41:01","slug":"shpaolin","status":"publish","type":"page","link":"https:\/\/www.nkspansko.hr\/index.php\/shpaolin\/","title":{"rendered":"SHPAOLIN"},"content":{"rendered":"<p><img loading=\"lazy\" decoding=\"async\" class=\"aligncenter wp-image-450 size-full\" src=\"https:\/\/www.nkspansko.hr\/wp-content\/uploads\/2017\/03\/slides_05.jpg\" alt=\"\" width=\"1807\" height=\"842\" srcset=\"https:\/\/www.nkspansko.hr\/wp-content\/uploads\/2017\/03\/slides_05.jpg 1807w, https:\/\/www.nkspansko.hr\/wp-content\/uploads\/2017\/03\/slides_05-600x280.jpg 600w, https:\/\/www.nkspansko.hr\/wp-content\/uploads\/2017\/03\/slides_05-300x140.jpg 300w, https:\/\/www.nkspansko.hr\/wp-content\/uploads\/2017\/03\/slides_05-1024x477.jpg 1024w, https:\/\/www.nkspansko.hr\/wp-content\/uploads\/2017\/03\/slides_05-768x358.jpg 768w, https:\/\/www.nkspansko.hr\/wp-content\/uploads\/2017\/03\/slides_05-1536x716.jpg 1536w, https:\/\/www.nkspansko.hr\/wp-content\/uploads\/2017\/03\/slides_05-1200x559.jpg 1200w, https:\/\/www.nkspansko.hr\/wp-content\/uploads\/2017\/03\/slides_05-350x163.jpg 350w\" sizes=\"auto, (max-width: 1807px) 100vw, 1807px\" \/><\/p>\n<p style=\"text-align: justify;\">Programom rada \u0161kole nogomata SHPAOLIN, provode se \u00a0aktivnosti treninga i prezentacije \u0161kole nogometa po \u0161kolama i vrti\u0107ima, odr\u017eavamo edukacije trenerima kluba za provo\u0111enje plana i programa, treninga djece i roditeljskih sastanaka, provo\u0111enju edukacijama o fair playu, prevenciji nasilja u \u0161portu, pokaznim treninzima, komunikaciji sa djecom i roditeljima polaznicima programa, animaciji\u00a0 i djeljenju letaka interesnoj skupini u vrti\u010dima i \u0161kolama.<\/p>\n<p style=\"text-align: justify;\"><strong>Provedbom rada \u0161kole nogometa SHPAOLIN\u00a0 postig\u017eu su slijede\u0107i rezultati:<\/strong><\/p>\n<ol>\n<li style=\"text-align: justify;\">Redovito i kvalitetno provo\u0111enje trena\u017enog procesa<\/li>\n<li style=\"text-align: justify;\">Redovito i kvalitetno provo\u0111enje natjecanja u okviru odigravanja utakmica i turnira<\/li>\n<li style=\"text-align: justify;\">Odr\u017eavamo prezentacijske treninge i edukacije iz nogometa u vrti\u0107ima, osnovnim \u0161kolama te srednjim \u0161kolama.<\/li>\n<li style=\"text-align: justify;\">Organizacija i provo\u0111enje Me\u0111unarodnog turnira \u201cDarko Tironi U-11\u201d , na kojem je sudjeluju ekipe iz \u0161est dr\u017eava EU.<\/li>\n<li style=\"text-align: justify;\">Organizacija i provo\u0111enje Turnira \u201cShpaolin kup \u201cza \u0161est uzrasnih kategorija sa 40 razli\u010ditih klubova iz Zagreba i okolice<\/li>\n<li style=\"text-align: justify;\">Sudjelovanje na \u010detiri me\u0111unarodna turnira u Hrvatskoj, Bumbar cup u Vara\u017edinu, Turnir ZNS-a u Medulinu, Turnir Lima\u010da Sesvete cup i Bubamara Cup u Zagrebu na kojima su sudjelovale ekipe na\u0161eg kluba.<\/li>\n<\/ol>\n","protected":false},"excerpt":{"rendered":"<p>Programom rada \u0161kole nogomata SHPAOLIN, provode se \u00a0aktivnosti treninga i prezentacije \u0161kole nogometa po \u0161kolama i vrti\u0107ima, odr\u017eavamo edukacije trenerima kluba za provo\u0111enje plana i programa, treninga djece i roditeljskih sastanaka, provo\u0111enju edukacijama o fair playu, prevenciji nasilja u \u0161portu, pokaznim treninzima, komunikaciji sa djecom i roditeljima polaznicima programa, animaciji\u00a0 i djeljenju letaka interesnoj skupini&#8230;<\/p>\n<a href=\"https:\/\/www.nkspansko.hr\/index.php\/shpaolin\/\" class=\"more-link\">Op\u0161irnije<\/a>","protected":false},"author":1,"featured_media":0,"parent":0,"menu_order":0,"comment_status":"closed","ping_status":"closed","template":"","meta":{"footnotes":""},"class_list":["post-520","page","type-page","status-publish","hentry"],"_links":{"self":[{"href":"https:\/\/www.nkspansko.hr\/index.php\/wp-json\/wp\/v2\/pages\/520","targetHints":{"allow":["GET"]}}],"collection":[{"href":"https:\/\/www.nkspansko.hr\/index.php\/wp-json\/wp\/v2\/pages"}],"about":[{"href":"https:\/\/www.nkspansko.hr\/index.php\/wp-json\/wp\/v2\/types\/page"}],"author":[{"embeddable":true,"href":"https:\/\/www.nkspansko.hr\/index.php\/wp-json\/wp\/v2\/users\/1"}],"replies":[{"embeddable":true,"href":"https:\/\/www.nkspansko.hr\/index.php\/wp-json\/wp\/v2\/comments?post=520"}],"version-history":[{"count":3,"href":"https:\/\/www.nkspansko.hr\/index.php\/wp-json\/wp\/v2\/pages\/520\/revisions"}],"predecessor-version":[{"id":1055,"href":"https:\/\/www.nkspansko.hr\/index.php\/wp-json\/wp\/v2\/pages\/520\/revisions\/1055"}],"wp:attachment":[{"href":"https:\/\/www.nkspansko.hr\/index.php\/wp-json\/wp\/v2\/media?parent=520"}],"curies":[{"name":"wp","href":"https:\/\/api.w.org\/{rel}","templated":true}]}}