{"id":1070,"date":"2021-04-11T12:59:00","date_gmt":"2021-04-11T10:59:00","guid":{"rendered":"https:\/\/www.nkspansko.hr\/?page_id=1070"},"modified":"2021-04-11T13:04:06","modified_gmt":"2021-04-11T11:04:06","slug":"veterani-nk-spansko","status":"publish","type":"page","link":"https:\/\/www.nkspansko.hr\/index.php\/veterani-nk-spansko\/","title":{"rendered":"Veterani NK \u0160pansko"},"content":{"rendered":"<p><img loading=\"lazy\" decoding=\"async\" class=\"aligncenter wp-image-1066 size-full\" src=\"https:\/\/www.nkspansko.hr\/wp-content\/uploads\/2021\/04\/news3-veterani.jpg\" alt=\"\" width=\"1200\" height=\"571\" srcset=\"https:\/\/www.nkspansko.hr\/wp-content\/uploads\/2021\/04\/news3-veterani.jpg 1200w, https:\/\/www.nkspansko.hr\/wp-content\/uploads\/2021\/04\/news3-veterani-600x286.jpg 600w, https:\/\/www.nkspansko.hr\/wp-content\/uploads\/2021\/04\/news3-veterani-300x143.jpg 300w, https:\/\/www.nkspansko.hr\/wp-content\/uploads\/2021\/04\/news3-veterani-1024x487.jpg 1024w, https:\/\/www.nkspansko.hr\/wp-content\/uploads\/2021\/04\/news3-veterani-768x365.jpg 768w, https:\/\/www.nkspansko.hr\/wp-content\/uploads\/2021\/04\/news3-veterani-350x167.jpg 350w\" sizes=\"auto, (max-width: 1200px) 100vw, 1200px\" \/><\/p>\n<p><span style=\"color: #ff0000;\"><strong>NK \u0160PANSKO ZAGREB<\/strong><\/span><\/p>\n<p>Veteranska mom\u010dad nogometnog kluba \u201e\u0160pansko\u201c osnovana je 1986.<\/p>\n<p>Osniva\u010di su bili Jura Hartek i Rozalio Bla\u017eev koji su ujedno i voditelji mom\u010dadi od prvog dana.\u00a0 Vi\u0161e od ostalih za mom\u010dad veterana \u201e\u0160panskog\u201c nastupali su: Jura Hartek, Rozalio Bla\u017eev, \u017deljko Mar\u0161ani\u0107, Mladen Martinec, Ivo Radan, Branko \u0160kolnik, Marijan Kerekovi\u0107,, Miki Vlaisavljevi\u0107, Vlado Katalini\u0107, Ante \u0160panika, Ivo Juri\u010dan, Ivo Kelemen, Andrija Repinac, Jandro Vuka\u0161inovi\u0107, Drago Martinec, Stjepan Ocvirk, Vlado \u0160imac, Stipe Lokas\u2026<\/p>\n<p>Najbolji strijelac do sada bio je Mladen Martinec<\/p>\n\n\t\t<style type=\"text\/css\">\n\t\t\t#gallery-1 {\n\t\t\t\tmargin: auto;\n\t\t\t}\n\t\t\t#gallery-1 .gallery-item {\n\t\t\t\tfloat: left;\n\t\t\t\tmargin-top: 10px;\n\t\t\t\ttext-align: center;\n\t\t\t\twidth: 50%;\n\t\t\t}\n\t\t\t#gallery-1 img {\n\t\t\t\tborder: 2px solid #cfcfcf;\n\t\t\t}\n\t\t\t#gallery-1 .gallery-caption {\n\t\t\t\tmargin-left: 0;\n\t\t\t}\n\t\t\t\/* see gallery_shortcode() in wp-includes\/media.php *\/\n\t\t<\/style>\n\t\t<div data-carousel-extra='{\"blog_id\":1,\"permalink\":\"https:\\\/\\\/www.nkspansko.hr\\\/index.php\\\/veterani-nk-spansko\\\/\"}' id='gallery-1' class='gallery galleryid-1070 gallery-columns-2 gallery-size-full'><dl class='gallery-item'>\n\t\t\t<dt class='gallery-icon landscape'>\n\t\t\t\t<a href='https:\/\/www.nkspansko.hr\/wp-content\/uploads\/2021\/04\/veterani-1-web.jpg'><img loading=\"lazy\" decoding=\"async\" data-attachment-id=\"1071\" data-orig-file=\"https:\/\/www.nkspansko.hr\/wp-content\/uploads\/2021\/04\/veterani-1-web.jpg\" data-orig-size=\"772,602\" data-comments-opened=\"1\" data-image-meta=\"{&quot;aperture&quot;:&quot;0&quot;,&quot;credit&quot;:&quot;&quot;,&quot;camera&quot;:&quot;&quot;,&quot;caption&quot;:&quot;&quot;,&quot;created_timestamp&quot;:&quot;0&quot;,&quot;copyright&quot;:&quot;&quot;,&quot;focal_length&quot;:&quot;0&quot;,&quot;iso&quot;:&quot;0&quot;,&quot;shutter_speed&quot;:&quot;0&quot;,&quot;title&quot;:&quot;&quot;,&quot;orientation&quot;:&quot;1&quot;}\" data-image-title=\"veterani 1 web\" data-image-description=\"\" data-medium-file=\"https:\/\/www.nkspansko.hr\/wp-content\/uploads\/2021\/04\/veterani-1-web-300x234.jpg\" data-large-file=\"https:\/\/www.nkspansko.hr\/wp-content\/uploads\/2021\/04\/veterani-1-web.jpg\" title=\"veterani 1 web\" width=\"772\" height=\"602\" src=\"https:\/\/www.nkspansko.hr\/wp-content\/uploads\/2021\/04\/veterani-1-web.jpg\" class=\"attachment-full size-full\" alt=\"\" srcset=\"https:\/\/www.nkspansko.hr\/wp-content\/uploads\/2021\/04\/veterani-1-web.jpg 772w, https:\/\/www.nkspansko.hr\/wp-content\/uploads\/2021\/04\/veterani-1-web-600x468.jpg 600w, https:\/\/www.nkspansko.hr\/wp-content\/uploads\/2021\/04\/veterani-1-web-300x234.jpg 300w, https:\/\/www.nkspansko.hr\/wp-content\/uploads\/2021\/04\/veterani-1-web-768x599.jpg 768w, https:\/\/www.nkspansko.hr\/wp-content\/uploads\/2021\/04\/veterani-1-web-350x273.jpg 350w\" sizes=\"auto, (max-width: 772px) 100vw, 772px\" \/><\/a>\n\t\t\t<\/dt><\/dl><dl class='gallery-item'>\n\t\t\t<dt class='gallery-icon landscape'>\n\t\t\t\t<a href='https:\/\/www.nkspansko.hr\/wp-content\/uploads\/2021\/04\/veterani-2-web.jpg'><img loading=\"lazy\" decoding=\"async\" data-attachment-id=\"1072\" data-orig-file=\"https:\/\/www.nkspansko.hr\/wp-content\/uploads\/2021\/04\/veterani-2-web.jpg\" data-orig-size=\"704,520\" data-comments-opened=\"1\" data-image-meta=\"{&quot;aperture&quot;:&quot;0&quot;,&quot;credit&quot;:&quot;&quot;,&quot;camera&quot;:&quot;&quot;,&quot;caption&quot;:&quot;&quot;,&quot;created_timestamp&quot;:&quot;0&quot;,&quot;copyright&quot;:&quot;&quot;,&quot;focal_length&quot;:&quot;0&quot;,&quot;iso&quot;:&quot;0&quot;,&quot;shutter_speed&quot;:&quot;0&quot;,&quot;title&quot;:&quot;&quot;,&quot;orientation&quot;:&quot;1&quot;}\" data-image-title=\"veterani 2 web\" data-image-description=\"\" data-medium-file=\"https:\/\/www.nkspansko.hr\/wp-content\/uploads\/2021\/04\/veterani-2-web-300x222.jpg\" data-large-file=\"https:\/\/www.nkspansko.hr\/wp-content\/uploads\/2021\/04\/veterani-2-web.jpg\" title=\"veterani 2 web\" width=\"704\" height=\"520\" src=\"https:\/\/www.nkspansko.hr\/wp-content\/uploads\/2021\/04\/veterani-2-web.jpg\" class=\"attachment-full size-full\" alt=\"\" srcset=\"https:\/\/www.nkspansko.hr\/wp-content\/uploads\/2021\/04\/veterani-2-web.jpg 704w, https:\/\/www.nkspansko.hr\/wp-content\/uploads\/2021\/04\/veterani-2-web-600x443.jpg 600w, https:\/\/www.nkspansko.hr\/wp-content\/uploads\/2021\/04\/veterani-2-web-300x222.jpg 300w, https:\/\/www.nkspansko.hr\/wp-content\/uploads\/2021\/04\/veterani-2-web-350x259.jpg 350w\" sizes=\"auto, (max-width: 704px) 100vw, 704px\" \/><\/a>\n\t\t\t<\/dt><\/dl><br style=\"clear: both\" \/>\n\t\t<\/div>\n\n<p><iframe loading=\"lazy\" src=\"https:\/\/www.hr-nogomet.hr\/v1\/widget\/table.php?l=ZGVETP\" width=\"300%\" height=\"600\" frameborder=\"0\"><\/iframe><\/p>\n","protected":false},"excerpt":{"rendered":"<p>NK \u0160PANSKO ZAGREB Veteranska mom\u010dad nogometnog kluba \u201e\u0160pansko\u201c osnovana je 1986. Osniva\u010di su bili Jura Hartek i Rozalio Bla\u017eev koji su ujedno i voditelji mom\u010dadi od prvog dana.\u00a0 Vi\u0161e od ostalih za mom\u010dad veterana \u201e\u0160panskog\u201c nastupali su: Jura Hartek, Rozalio Bla\u017eev, \u017deljko Mar\u0161ani\u0107, Mladen Martinec, Ivo Radan, Branko \u0160kolnik, Marijan Kerekovi\u0107,, Miki Vlaisavljevi\u0107, Vlado Katalini\u0107,&#8230;<\/p>\n<a href=\"https:\/\/www.nkspansko.hr\/index.php\/veterani-nk-spansko\/\" class=\"more-link\">Op\u0161irnije<\/a>","protected":false},"author":1,"featured_media":0,"parent":0,"menu_order":0,"comment_status":"closed","ping_status":"closed","template":"","meta":{"footnotes":""},"class_list":["post-1070","page","type-page","status-publish","hentry"],"_links":{"self":[{"href":"https:\/\/www.nkspansko.hr\/index.php\/wp-json\/wp\/v2\/pages\/1070","targetHints":{"allow":["GET"]}}],"collection":[{"href":"https:\/\/www.nkspansko.hr\/index.php\/wp-json\/wp\/v2\/pages"}],"about":[{"href":"https:\/\/www.nkspansko.hr\/index.php\/wp-json\/wp\/v2\/types\/page"}],"author":[{"embeddable":true,"href":"https:\/\/www.nkspansko.hr\/index.php\/wp-json\/wp\/v2\/users\/1"}],"replies":[{"embeddable":true,"href":"https:\/\/www.nkspansko.hr\/index.php\/wp-json\/wp\/v2\/comments?post=1070"}],"version-history":[{"count":3,"href":"https:\/\/www.nkspansko.hr\/index.php\/wp-json\/wp\/v2\/pages\/1070\/revisions"}],"predecessor-version":[{"id":1076,"href":"https:\/\/www.nkspansko.hr\/index.php\/wp-json\/wp\/v2\/pages\/1070\/revisions\/1076"}],"wp:attachment":[{"href":"https:\/\/www.nkspansko.hr\/index.php\/wp-json\/wp\/v2\/media?parent=1070"}],"curies":[{"name":"wp","href":"https:\/\/api.w.org\/{rel}","templated":true}]}}